{"id":31,"date":"2023-03-16T04:01:24","date_gmt":"2023-03-16T04:01:24","guid":{"rendered":"https:\/\/systemsoftware.com.co\/index.php\/contact\/"},"modified":"2023-03-16T17:51:38","modified_gmt":"2023-03-16T17:51:38","slug":"contact","status":"publish","type":"page","link":"https:\/\/systemsoftware.com.co\/index.php\/contact\/","title":{"rendered":"Contact"},"content":{"rendered":"\n\n\n<h2>Contactos<\/h2>\n\n\n\n\n\n\n\n\n\n\n\n\n\n\n\n\n\n\n\n\n<h3><font style=\"vertical-align: inherit;\"><font style=\"vertical-align: inherit;\">Informaci\u00f3n&nbsp;<\/font><\/font><\/h3>\n\n<p style=\"text-align: justify;\">En resumen, creemos que afiliarte a nuestra empresa de servicios financieros puede ser una \ngran inversi\u00f3n para ti y tu familia. Nuestros servicios est\u00e1n dise\u00f1ados para ayudarte a planificar \ntu futuro financiero, proteger tu patrimonio, gestionar tus finanzas mientras est\u00e1s lejos y reducir \nel estr\u00e9s financiero. Si est\u00e1s interesado en conocer m\u00e1s acerca de c\u00f3mo podemos ayudarte, no \ndudes en ponerte en contacto con nosotros.<br><\/p>\n\n\n\n\n\n\n\n\n<h3>Localizaci\u00f3n<\/h3>\n\ncolombia\n\n\n\n\n","protected":false},"excerpt":{"rendered":"","protected":false},"author":1,"featured_media":0,"parent":0,"menu_order":0,"comment_status":"closed","ping_status":"closed","template":"","meta":[],"_links":{"self":[{"href":"https:\/\/systemsoftware.com.co\/index.php\/wp-json\/wp\/v2\/pages\/31"}],"collection":[{"href":"https:\/\/systemsoftware.com.co\/index.php\/wp-json\/wp\/v2\/pages"}],"about":[{"href":"https:\/\/systemsoftware.com.co\/index.php\/wp-json\/wp\/v2\/types\/page"}],"author":[{"embeddable":true,"href":"https:\/\/systemsoftware.com.co\/index.php\/wp-json\/wp\/v2\/users\/1"}],"replies":[{"embeddable":true,"href":"https:\/\/systemsoftware.com.co\/index.php\/wp-json\/wp\/v2\/comments?post=31"}],"version-history":[{"count":6,"href":"https:\/\/systemsoftware.com.co\/index.php\/wp-json\/wp\/v2\/pages\/31\/revisions"}],"predecessor-version":[{"id":107,"href":"https:\/\/systemsoftware.com.co\/index.php\/wp-json\/wp\/v2\/pages\/31\/revisions\/107"}],"wp:attachment":[{"href":"https:\/\/systemsoftware.com.co\/index.php\/wp-json\/wp\/v2\/media?parent=31"}],"curies":[{"name":"wp","href":"https:\/\/api.w.org\/{rel}","templated":true}]}}