{"id":28,"date":"2023-03-16T04:01:24","date_gmt":"2023-03-16T04:01:24","guid":{"rendered":"https:\/\/systemsoftware.com.co\/index.php\/home\/"},"modified":"2024-09-07T16:50:45","modified_gmt":"2024-09-07T16:50:45","slug":"home","status":"publish","type":"page","link":"https:\/\/systemsoftware.com.co\/","title":{"rendered":"Home"},"content":{"rendered":"\n\n\n\n\n<h2>\u00a1Qui\u00e9nes somos!<\/h2>\n\n\n\n<p><br><\/p>\n\n\n<p style=\"text-align: justify;\">Somos una empresa de servicios financieros que se especializa en trabajar con militares, polic\u00eda\ny pensionados como usted. Contamos con la experiencia necesaria para compartir contigo \nalgunos de los beneficios que pueden obtener al afiliarse a nuestra empresa.\n<br><\/p>\n\n\n<p><br><\/p>\n\n\n\n\n\n\n\n\n\n\n\n<h2>Sobre nosotros&nbsp;<\/h2>\n\n\n\n\n\n<p style=\"text-align: justify;\">Nuestros servicios financieros est\u00e1n dise\u00f1ados para ayudarte a proteger tu patrimonio. Sabemos que puedes tener bienes valiosos, como una casa o un autom\u00f3vil, por lo que es de suma importancia tomar medidas de protecci\u00f3n adecuadas,para ello ofrecemos servicios de seguros y planes de sucesi\u00f3n para ayudarte a proteger tu patrimonio y a tus seres queridos.\n<br><\/p>\n\n\n<p><br><\/p>\n\n\n<p style=\"text-align: justify;\">Tambi\u00e9n queremos asegurarnos de que tus finanzas est\u00e9n en buen estado mientras est\u00e1s desplegado o lejos de casa. Sabemos que puede ser dif\u00edcil administrar tus finanzas mientras est\u00e1s fuera, por eso ofrecemos servicios como la gesti\u00f3n de cuentas bancarias, el pago de facturas y la administraci\u00f3n de inversiones para que puedas concentrarte en tu trabajo y disfrutar de tu tiempo libre con la tranquilidad de que tus finanzas est\u00e1n siendo manejadas de manera adecuada.\n<br><\/p>\n\n\n<p><br><\/p>\n\n\n<p style=\"text-align: justify;\">Por \u00faltimo, queremos ayudarte a reducir el estr\u00e9s financiero. Sabemos que los militares pueden tener muchas preocupaciones, y no queremos que el dinero sea una de ellas. Al trabajar con nosotros, puedes sentirte seguro y tranquilo en cuanto a tus finanzas, lo que te permitir\u00e1 concentrarte en tu trabajo y disfrutar de tu tiempo libre sin preocupaciones financieras.\n\n\n\n\n\n\n\n<\/p><p><br><\/p>\n\n\n\n\n\n\n\n\n\n\n\n\n\n\n\n\n\n\n\n\n\n\n\n\n\n\n<h2>NUESTROS SERVICIOS&nbsp;<\/h2>\n\n\n<p><br><\/p>\n\n\n\n\n\n<p><font style=\"vertical-align: inherit;\"><font style=\"vertical-align: inherit;\">&nbsp; &nbsp; &nbsp; &nbsp; &nbsp; &nbsp; &nbsp; &nbsp;Asesor\u00eda Legal&nbsp; &nbsp; &nbsp; &nbsp; &nbsp; &nbsp; &nbsp; &nbsp; &nbsp; &nbsp; &nbsp; &nbsp; &nbsp; &nbsp; &nbsp; &nbsp; &nbsp; &nbsp; &nbsp; &nbsp;<\/font><\/font><\/p>\n\n\n\n\n<p>Libranza express hasta 1 millon de pesos<\/p>\n\n\n\n\n<p><font style=\"vertical-align: inherit;\"><font style=\"vertical-align: inherit;\">&nbsp; &nbsp; &nbsp; &nbsp;Educaci\u00f3n en servicios&nbsp; &nbsp; &nbsp; &nbsp; &nbsp; &nbsp; &nbsp; &nbsp; &nbsp; &nbsp; &nbsp; &nbsp; &nbsp;&nbsp;<\/font><\/font><\/p>\n\n\n\n\n<p>Asesoramiento para creaci\u00f3n de empresas\n<\/p>\n\n\n\n\n\n\n<p><font style=\"vertical-align: inherit;\"><font style=\"vertical-align: inherit;\">&nbsp; &nbsp; &nbsp; &nbsp; &nbsp; &nbsp;Asistencia en productos financieros&nbsp; &nbsp; &nbsp; &nbsp; &nbsp; &nbsp; &nbsp; &nbsp; &nbsp; &nbsp; &nbsp; &nbsp; &nbsp; &nbsp; &nbsp; &nbsp; &nbsp;acciones y bonos&nbsp; &nbsp; &nbsp; &nbsp; &nbsp; &nbsp; &nbsp; &nbsp; &nbsp; &nbsp; &nbsp; &nbsp; &nbsp;&nbsp;<\/font><\/font><\/p>\n\n\n\n\n<p>Asesoramiento para la obtenci\u00f3n de financiaci\u00f3n para proyectos y emprendimiento<\/p>\n\n\n\n\n<p><font style=\"vertical-align: inherit;\"><font style=\"vertical-align: inherit;\">&nbsp; Asesoramiento en planificaci\u00f3n financiera&nbsp; &nbsp; &nbsp; &nbsp; &nbsp; &nbsp; &nbsp; &nbsp; &nbsp; &nbsp; &nbsp;a largo plazo&nbsp; &nbsp; &nbsp; &nbsp; &nbsp; &nbsp; &nbsp; &nbsp; &nbsp; &nbsp; &nbsp;<\/font><\/font><\/p>\n\n\n\n\n\n\n\n\n\n<h2>MISI\u00d3N&nbsp; &nbsp;<\/h2>\n\n\n<p style=\"text-align: justify;\">Es importante destacar que entendemos las necesidades y desaf\u00edos \u00fanicos que \nenfrentan en sus d\u00edas. Sabemos que puede ser emocionante, pero tambi\u00e9n puede ser \nimpredecible y estresante. Por eso, ofrecemos soluciones financieras personalizadas que \npueden ayudar en sus hogares a prepararse para el futuro y proteger su patrimonio, incluso en \ntiempos de incertidumbre.<br><\/p>\n\n\n\n\n<h2>VISI\u00d3N<\/h2>\n\n\n<p style=\"text-align: justify;\">Queremos ayudarte a planificar tu futuro financiero de manera efectiva. Sabemos que\npueden tener acceso a planes de jubilaci\u00f3n y otros beneficios, pero puede ser dif\u00edcil saber c\u00f3mo \nmaximizarlos. Nuestra empresa de servicios financieros puede ayudarte a tomar decisiones \ninformadas sobre c\u00f3mo invertir tu dinero y planificar tu futuro financiero. De esta manera, \npodr\u00e1s tener la tranquilidad de que est\u00e1s tomando las decisiones correctas para ti y tu familia.<br><\/p>\n\n\n","protected":false},"excerpt":{"rendered":"","protected":false},"author":1,"featured_media":0,"parent":0,"menu_order":0,"comment_status":"closed","ping_status":"closed","template":"","meta":[],"_links":{"self":[{"href":"https:\/\/systemsoftware.com.co\/index.php\/wp-json\/wp\/v2\/pages\/28"}],"collection":[{"href":"https:\/\/systemsoftware.com.co\/index.php\/wp-json\/wp\/v2\/pages"}],"about":[{"href":"https:\/\/systemsoftware.com.co\/index.php\/wp-json\/wp\/v2\/types\/page"}],"author":[{"embeddable":true,"href":"https:\/\/systemsoftware.com.co\/index.php\/wp-json\/wp\/v2\/users\/1"}],"replies":[{"embeddable":true,"href":"https:\/\/systemsoftware.com.co\/index.php\/wp-json\/wp\/v2\/comments?post=28"}],"version-history":[{"count":33,"href":"https:\/\/systemsoftware.com.co\/index.php\/wp-json\/wp\/v2\/pages\/28\/revisions"}],"predecessor-version":[{"id":133,"href":"https:\/\/systemsoftware.com.co\/index.php\/wp-json\/wp\/v2\/pages\/28\/revisions\/133"}],"wp:attachment":[{"href":"https:\/\/systemsoftware.com.co\/index.php\/wp-json\/wp\/v2\/media?parent=28"}],"curies":[{"name":"wp","href":"https:\/\/api.w.org\/{rel}","templated":true}]}}